{"id":2,"date":"2025-03-10T18:26:35","date_gmt":"2025-03-10T18:26:35","guid":{"rendered":"https:\/\/educere.al\/?page_id=2"},"modified":"2025-03-27T14:38:58","modified_gmt":"2025-03-27T14:38:58","slug":"pse","status":"publish","type":"page","link":"https:\/\/educere.al\/en\/pse\/","title":{"rendered":"Why?"},"content":{"rendered":"<div data-elementor-type=\"wp-page\" data-elementor-id=\"2\" class=\"elementor elementor-2\">\n\t\t\t\t<div class=\"elementor-element elementor-element-36dccb40 e-flex e-con-boxed e-con e-parent\" data-id=\"36dccb40\" data-element_type=\"container\" data-e-type=\"container\">\n\t\t\t\t\t<div class=\"e-con-inner\">\n\t\t\t\t<div class=\"elementor-element elementor-element-2bda7254 elementor-widget elementor-widget-text-editor\" data-id=\"2bda7254\" data-element_type=\"widget\" data-e-type=\"widget\" data-widget_type=\"text-editor.default\">\n\t\t\t\t<div class=\"elementor-widget-container\">\n\t\t\t\t\t\t\t\t\t<p>A good education is a choice that fits your desires and goals. Of course, it also fits the job market. At Educere, by understanding your objectives, we recommend the most suitable opportunities for education, courses, summer schools, and training abroad.<\/p>\n<p>Like a compass that shows the direction, Educere helps you find your preferred degree, apply to universities, apply to embassies for a visa or residence permit, and find accommodation.<\/p>\t\t\t\t\t\t\t\t<\/div>\n\t\t\t\t<\/div>\n\t\t\t\t\t<\/div>\n\t\t\t\t<\/div>\n\t\t\t\t<\/div>","protected":false},"excerpt":{"rendered":"<p>Nj\u00eb edukim i mir\u00eb \u00ebsht\u00eb nj\u00eb zgjedhje q\u00eb i p\u00ebrshtatet d\u00ebshirave dhe objektivave t\u00eb tua. Patjet\u00ebr, edhe tregut t\u00eb pun\u00ebs. Ne n\u00eb Educere, duke njohur q\u00ebllimet e tua, rekomandojm\u00eb mund\u00ebsit\u00eb [&hellip;]<\/p>\n","protected":false},"author":1,"featured_media":0,"parent":0,"menu_order":0,"comment_status":"closed","ping_status":"open","template":"","meta":{"_acf_changed":false,"footnotes":""},"class_list":["post-2","page","type-page","status-publish","hentry"],"acf":[],"_links":{"self":[{"href":"https:\/\/educere.al\/en\/wp-json\/wp\/v2\/pages\/2","targetHints":{"allow":["GET"]}}],"collection":[{"href":"https:\/\/educere.al\/en\/wp-json\/wp\/v2\/pages"}],"about":[{"href":"https:\/\/educere.al\/en\/wp-json\/wp\/v2\/types\/page"}],"author":[{"embeddable":true,"href":"https:\/\/educere.al\/en\/wp-json\/wp\/v2\/users\/1"}],"replies":[{"embeddable":true,"href":"https:\/\/educere.al\/en\/wp-json\/wp\/v2\/comments?post=2"}],"version-history":[{"count":7,"href":"https:\/\/educere.al\/en\/wp-json\/wp\/v2\/pages\/2\/revisions"}],"predecessor-version":[{"id":2050,"href":"https:\/\/educere.al\/en\/wp-json\/wp\/v2\/pages\/2\/revisions\/2050"}],"wp:attachment":[{"href":"https:\/\/educere.al\/en\/wp-json\/wp\/v2\/media?parent=2"}],"curies":[{"name":"wp","href":"https:\/\/api.w.org\/{rel}","templated":true}]}}