{"id":99,"date":"2023-07-18T12:48:48","date_gmt":"2023-07-18T12:48:48","guid":{"rendered":"https:\/\/ifingerstudio.com\/eduvalt\/?page_id=99"},"modified":"2025-06-27T11:08:35","modified_gmt":"2025-06-27T11:08:35","slug":"sherbimet","status":"publish","type":"page","link":"https:\/\/educere.al\/en\/sherbimet\/","title":{"rendered":"Services"},"content":{"rendered":"<div data-elementor-type=\"wp-page\" data-elementor-id=\"99\" class=\"elementor elementor-99\">\n\t\t\t\t\t\t<section class=\"elementor-section elementor-top-section elementor-element elementor-element-c646857 elementor-section-boxed elementor-section-height-default elementor-section-height-default\" data-id=\"c646857\" data-element_type=\"section\" data-e-type=\"section\">\n\t\t\t\t\t\t<div class=\"elementor-container elementor-column-gap-default\">\n\t\t\t\t\t<div class=\"elementor-column elementor-col-100 elementor-top-column elementor-element elementor-element-b703bcf\" data-id=\"b703bcf\" data-element_type=\"column\" data-e-type=\"column\">\n\t\t\t<div class=\"elementor-widget-wrap elementor-element-populated\">\n\t\t\t\t\t\t<div class=\"elementor-element elementor-element-ad22380 elementor-widget elementor-widget-animated_about_image\" data-id=\"ad22380\" data-element_type=\"widget\" data-e-type=\"widget\" data-widget_type=\"animated_about_image.default\">\n\t\t\t\t<div class=\"elementor-widget-container\">\n\t\t\t\t\t        <div class=\"row justify-content-center\">\r\n            <div class=\"col-xl-5 col-lg-6\">\r\n                <div class=\"about__title-wrap\">\r\n                    <div class=\"section__title\">\r\n                        <span class=\"sub-title\">Who we are<\/span>\r\n                        <h2 class=\"title tg-svg\">Partner  <span class=\"position-relative\"><span class=\"svg-icon\" id=\"about-svg-2917649817\" data-svg-icon=\"https:\/\/educere.al\/wp-content\/themes\/eduvalt\/assets\/img\/icons\/title_shape.svg\"><\/span>Universities <\/span> and institutions<\/h2>\r\n                    <\/div>\r\n                    <p class=\"fw-medium\">Educere<\/p>\r\n                    <p>Educere is in partnership with the University of Applied Sciences in Austria, which has 4 faculties in 4 different cities and over 70 study programs in computer science, communication, media, design, technology, artificial intelligence, engineering, management, marketing, sales, logistics, and human resources. The list of partner universities and institutions is being updated. Contact us for more information.  \n<\/p>\r\n                    <div class=\"tg-button-wrap\">\r\n                        <a href=\"https:\/\/educere.al\/en\/contact\/\" class=\"btn tg-svg\"><span class=\"text\">Contact us<\/span> <span class=\"svg-icon\" id=\"about-btn\" data-svg-icon=\"https:\/\/educere.al\/wp-content\/themes\/eduvalt\/assets\/img\/icons\/btn-arrow.svg\"><\/span><\/a>\r\n                    <\/div>\r\n                <\/div>\r\n            <\/div>\r\n            <div class=\"col-xl-7 col-lg-6 col-md-11\">\r\n\t\t        <div class=\"about__images-wrap\">\r\n\t\t        \t\t\t\t            <div class=\"column\">\r\n\t\t\t                <img decoding=\"async\" src=\"https:\/\/ifingerstudio.com\/eduvalt\/wp-content\/uploads\/2023\/07\/about_img03.jpg\" alt=\"img\">\r\n\t\t\t            <\/div>\r\n\t\t        \t\t\t            <div class=\"column\">\r\n\t\t            \t\t\t                \t<img decoding=\"async\" src=\"https:\/\/ifingerstudio.com\/eduvalt\/wp-content\/uploads\/2023\/07\/about_img04.jpg\" alt=\"img\">\r\n\t\t                \t\t                \t\t                \t<img decoding=\"async\" src=\"https:\/\/ifingerstudio.com\/eduvalt\/wp-content\/uploads\/2023\/07\/about_img05.jpg\" alt=\"img\">\r\n\t\t                \t\t            <\/div>\r\n\t\t            <div class=\"about__shapes\">\r\n\t\t            \t\t\t                \t<img decoding=\"async\" src=\"https:\/\/ifingerstudio.com\/eduvalt\/wp-content\/uploads\/2023\/07\/about_shape01.png\" alt=\"img\" class=\"about-shape-01\" data-aos=\"fade-down-left\">\r\n\t\t                \t\t                \t\t                \t<img decoding=\"async\" src=\"https:\/\/ifingerstudio.com\/eduvalt\/wp-content\/uploads\/2023\/07\/about_shape02.png\" alt=\"img\" class=\"about-shape-02\" data-aos=\"fade-up-right\">\r\n\t\t                \t\t                \t\t                \t<img decoding=\"async\" src=\"https:\/\/ifingerstudio.com\/eduvalt\/wp-content\/uploads\/2023\/07\/about_shape03.png\" alt=\"img\" class=\"about-shape-03 rotateme\">\r\n\t\t                \t\t            <\/div>\r\n\t\t        <\/div>\r\n            <\/div>\r\n        <\/div>\r\n\t\t\t\t\t<\/div>\n\t\t\t\t<\/div>\n\t\t\t\t\t<\/div>\n\t\t<\/div>\n\t\t\t\t\t<\/div>\n\t\t<\/section>\n\t\t<div class=\"elementor-element elementor-element-9ea6830 e-flex e-con-boxed e-con e-parent\" data-id=\"9ea6830\" data-element_type=\"container\" data-e-type=\"container\">\n\t\t\t\t\t<div class=\"e-con-inner\">\n\t\t<div class=\"elementor-element elementor-element-9d3f934 e-con-full e-flex e-con e-child\" data-id=\"9d3f934\" data-element_type=\"container\" data-e-type=\"container\">\n\t\t\t\t<div class=\"elementor-element elementor-element-d01e520 elementor-widget elementor-widget-heading\" data-id=\"d01e520\" data-element_type=\"widget\" data-e-type=\"widget\" data-widget_type=\"heading.default\">\n\t\t\t\t<div class=\"elementor-widget-container\">\n\t\t\t\t\t<h2 class=\"elementor-heading-title elementor-size-default\"><i><b>What do we offer<\/b><\/i><\/h2>\t\t\t\t<\/div>\n\t\t\t\t<\/div>\n\t\t\t\t<div class=\"elementor-element elementor-element-f9d896c elementor-widget elementor-widget-text-editor\" data-id=\"f9d896c\" data-element_type=\"widget\" data-e-type=\"widget\" data-widget_type=\"text-editor.default\">\n\t\t\t\t<div class=\"elementor-widget-container\">\n\t\t\t\t\t\t\t\t\t<p><strong>Starter Package\u2013 50\u20ac<\/strong><br \/>Includes free consultation and recommendations for 3 suitable universities or courses.<\/p><p><strong>Standard Package\u2013 129\u20ac<\/strong><br \/>Includes Starter Package, plus assistance with application preparation (CV, cover letter, university documentation).<\/p><p><strong>Premium Package<\/strong><br \/>Includes the Standard Package, plus visa application support, interview preparation (if required) and accommodation recommendations.<\/p>\t\t\t\t\t\t\t\t<\/div>\n\t\t\t\t<\/div>\n\t\t\t\t<\/div>\n\t\t<div class=\"elementor-element elementor-element-0752460 e-con-full e-flex e-con e-child\" data-id=\"0752460\" data-element_type=\"container\" data-e-type=\"container\">\n\t\t\t\t<div class=\"elementor-element elementor-element-3037578 elementor-widget elementor-widget-image\" data-id=\"3037578\" data-element_type=\"widget\" data-e-type=\"widget\" data-widget_type=\"image.default\">\n\t\t\t\t<div class=\"elementor-widget-container\">\n\t\t\t\t\t\t\t\t\t\t\t\t\t\t\t<img fetchpriority=\"high\" decoding=\"async\" width=\"640\" height=\"480\" src=\"https:\/\/educere.al\/wp-content\/uploads\/2025\/03\/Artikull-1.webp\" class=\"attachment-large size-large wp-image-1968\" alt=\"\" srcset=\"https:\/\/educere.al\/wp-content\/uploads\/2025\/03\/Artikull-1.webp 800w, https:\/\/educere.al\/wp-content\/uploads\/2025\/03\/Artikull-1-300x225.webp 300w, https:\/\/educere.al\/wp-content\/uploads\/2025\/03\/Artikull-1-768x576.webp 768w, https:\/\/educere.al\/wp-content\/uploads\/2025\/03\/Artikull-1-650x488.webp 650w\" sizes=\"(max-width: 640px) 100vw, 640px\" \/>\t\t\t\t\t\t\t\t\t\t\t\t\t\t\t<\/div>\n\t\t\t\t<\/div>\n\t\t\t\t<\/div>\n\t\t\t\t\t<\/div>\n\t\t\t\t<\/div>\n\t\t\t\t<\/div>","protected":false},"excerpt":{"rendered":"<p>Who we are Universitetet dhe Institucionet partnere Educere Educere \u00ebsht\u00eb n\u00eb partneritet me Universitetin e Shkencave t\u00eb Aplikuara n\u00eb Austri, i cili ka 4 fakultete n\u00eb 4 qytete t\u00eb ndryshme [&hellip;]<\/p>\n","protected":false},"author":1,"featured_media":0,"parent":0,"menu_order":0,"comment_status":"closed","ping_status":"closed","template":"elementor_header_footer","meta":{"_acf_changed":false,"footnotes":""},"class_list":["post-99","page","type-page","status-publish","hentry"],"acf":[],"_links":{"self":[{"href":"https:\/\/educere.al\/en\/wp-json\/wp\/v2\/pages\/99","targetHints":{"allow":["GET"]}}],"collection":[{"href":"https:\/\/educere.al\/en\/wp-json\/wp\/v2\/pages"}],"about":[{"href":"https:\/\/educere.al\/en\/wp-json\/wp\/v2\/types\/page"}],"author":[{"embeddable":true,"href":"https:\/\/educere.al\/en\/wp-json\/wp\/v2\/users\/1"}],"replies":[{"embeddable":true,"href":"https:\/\/educere.al\/en\/wp-json\/wp\/v2\/comments?post=99"}],"version-history":[{"count":32,"href":"https:\/\/educere.al\/en\/wp-json\/wp\/v2\/pages\/99\/revisions"}],"predecessor-version":[{"id":2087,"href":"https:\/\/educere.al\/en\/wp-json\/wp\/v2\/pages\/99\/revisions\/2087"}],"wp:attachment":[{"href":"https:\/\/educere.al\/en\/wp-json\/wp\/v2\/media?parent=99"}],"curies":[{"name":"wp","href":"https:\/\/api.w.org\/{rel}","templated":true}]}}